{"id":7500,"date":"2022-12-25T22:52:06","date_gmt":"2022-12-25T21:52:06","guid":{"rendered":"https:\/\/www.jozefkozar.com\/lab\/?page_id=7500"},"modified":"2022-12-25T23:16:31","modified_gmt":"2022-12-25T22:16:31","slug":"digest","status":"publish","type":"page","link":"https:\/\/www.jozefkozar.com\/lab\/digest\/","title":{"rendered":"Digest"},"content":{"rendered":"<p><img loading=\"lazy\" decoding=\"async\" class=\"aligncenter size-full wp-image-7507\" src=\"https:\/\/www.jozefkozar.com\/lab\/wp-content\/uploads\/2022\/12\/banner_EN_mars_exploration_digest_www-jozefkozar-com.png\" alt=\"\" width=\"1320\" height=\"500\" srcset=\"https:\/\/www.jozefkozar.com\/lab\/wp-content\/uploads\/2022\/12\/banner_EN_mars_exploration_digest_www-jozefkozar-com.png 1320w, https:\/\/www.jozefkozar.com\/lab\/wp-content\/uploads\/2022\/12\/banner_EN_mars_exploration_digest_www-jozefkozar-com-300x114.png 300w, https:\/\/www.jozefkozar.com\/lab\/wp-content\/uploads\/2022\/12\/banner_EN_mars_exploration_digest_www-jozefkozar-com-1024x388.png 1024w, https:\/\/www.jozefkozar.com\/lab\/wp-content\/uploads\/2022\/12\/banner_EN_mars_exploration_digest_www-jozefkozar-com-768x291.png 768w\" sizes=\"auto, (max-width: 1320px) 100vw, 1320px\" \/><\/p>\n\t\t\t\t\t\t<style>\r\n\t\t\t\t\r\n\t\t\t\t\t#tab_container_7503 {\n\toverflow:hidden;\n\tdisplay:block;\n\twidth:100%;\n\tborder:0px solid #ddd;\n\tmargin-bottom:30px;\n\t}\n\n#tab_container_7503 .tab-content{\n\tpadding:20px;\n\tborder: 0px solid #e6e6e6 !important;\n    border-radius: 5px 5px 5px 5px !important; \n\tmargin-top: 0px;\n\tbackground-color:#ffffff !important;\n\tcolor: #000000 !important;\n\tfont-size:14px !important;\n\tfont-family: Verdana !important;\n\t\n\t\t\tborder: 0px solid #e6e6e6 !important;\n\t\t\n\t}\n#tab_container_7503 .wpsm_nav-tabs {\n    border-bottom: 0px solid #ddd;\n}\n#tab_container_7503 .wpsm_nav-tabs > li.active > a, #tab_container_7503 .wpsm_nav-tabs > li.active > a:hover, #tab_container_7503 .wpsm_nav-tabs > li.active > a:focus {\n\tcolor: #000000 !important;\n\tcursor: default;\n\tbackground-color: #ffffff !important;\n\tborder: 0px solid #e6e6e6 !important;\n}\n\n#tab_container_7503 .wpsm_nav-tabs > li > a {\n    margin-right: 0px !important; \n    line-height: 1.42857143 !important;\n    border: 0px solid #e5e1da !important;\n    border-radius: 5px 5px 0 0 !important; \n\tbackground-color: #f8f4ed !important;\n\tcolor: #000000 !important;\n\tpadding: 15px 18px 15px 18px !important;\n\ttext-decoration: none !important;\n\tfont-size: 14px !important;\n\ttext-align:center !important;\n\tfont-family: Verdana !important;\n}\n#tab_container_7503 .wpsm_nav-tabs > li > a:focus {\noutline: 0px !important;\n}\n\n#tab_container_7503 .wpsm_nav-tabs > li > a:before {\n\tdisplay:none !important;\n}\n#tab_container_7503 .wpsm_nav-tabs > li > a:after {\n\tdisplay:none !important ;\n}\n#tab_container_7503 .wpsm_nav-tabs > li{\npadding:0px !important ;\nmargin:0px;\n}\n\n#tab_container_7503 .wpsm_nav-tabs > li > a:hover , #tab_container_7503 .wpsm_nav-tabs > li > a:focus {\n    color: #000000 !important;\n    background-color: #f8f4ed !important;\n\tborder: 0px solid #e5e1da !important;\n\t\n}\n#tab_container_7503 .wpsm_nav-tabs > li > a .fa{\n\nmargin-right:5px !important;\n\nmargin-left:5px !important;\n\n\n}\n\n\t\t#tab_container_7503 .wpsm_nav-tabs a{\n\t\t\tbackground-image: none;\n\t\t\tbackground-position: 0 0;\n\t\t\tbackground-repeat: repeat-x;\n\t\t}\n\t\t\t\n\n\n#tab_container_7503 .wpsm_nav-tabs > li {\n    float: left;\n    margin-bottom: -1px !important;\n\tmargin-right:0px !important; \n}\n\n\n#tab_container_7503 .tab-content{\noverflow:hidden !important;\n}\n\n\n@media (min-width: 769px) {\n\n\t#tab_container_7503 .wpsm_nav-tabs > li{\n\t\tfloat:left !important ;\n\t\t\t\tmargin-right:-1px !important;\n\t\t\t\t\t}\n\t#tab_container_7503 .wpsm_nav-tabs{\n\t\tfloat:none !important;\n\t\tmargin:0px !important;\n\t}\n\n\t#tab_container_7503 .wpsm_nav-tabs > li {\n\t\t\t\t\n\t}\n\t#tab_container_7503 .wpsm_nav{\n\t\t\t}\n\n}\n\n\n\n@media (max-width: 768px) {\n\t#tab_container_7503 .wpsm_nav-tabs > li {\n\t\t\t\t\n\t}\n\t#tab_container_7503 .wpsm_nav{\n\t\t\t}\n}\n\n\n\t.wpsm_nav-tabs li:before{\n\t\tdisplay:none !important;\n\t}\n\n\t@media (max-width: 768px) {\n\t\t\t\t\n\t\t\t\t.wpsm_nav-tabs{\n\t\t\tmargin-left:0px !important;\n\t\t\tmargin-right:0px !important; \n\t\t\t\n\t\t}\n\t\t\t\t#tab_container_7503 .wpsm_nav-tabs > li{\n\t\t\tfloat:none !important;\n\t\t}\n\t\t\t\n\t}\t\t\t\t<\/style>\r\n\t\t\t\t<div id=\"tab_container_7503\" >\r\n\t \r\n\t\t\t\t\t<ul class=\"wpsm_nav wpsm_nav-tabs\" role=\"tablist\" id=\"myTab_7503\">\r\n\t\t\t\t\t\t\t\r\n\t\t\t\t\t\t\t<li role=\"presentation\"  class=\"active\"  onclick=\"do_resize()\">\r\n\t\t\t\t\t\t\t\t<a href=\"#tabs_desc_7503_1\" aria-controls=\"tabs_desc_7503_1\" role=\"tab\" data-toggle=\"tab\">\r\n\t\t\t\t\t\t\t\t\t\r\n\t\t\t\t\t\t\t\t\t\t\t\t\t\t\t\t\t\t\t\t\t\t\t\t\t\t\t\t\t\t\t\t\t\t\t\t\t\t\t\t\t\t\t\t\t\t\t\t\t\r\n\t\t\t\t\t\t\t\t\t\t\t\t\t\t\t\t\t\t\r\n\t\t\t\t\t\t\t\t\t<span>[EN] Mars Exploration Digest<\/span>\r\n\t\t\t\t\t\t\t\t\t\r\n\t\t\t\t\t\t\t\t\t\t\t\t\t\t\t\t\t\t\r\n\t\t\t\t\t\t\t\t\t\t\t\t\t\t\t\t\t\t\t\t\r\n\t\t\t\t\t\t\t\t\t\r\n\t\t\t\t\t\t\t\t<\/a>\r\n\t\t\t\t\t\t\t<\/li>\r\n\t\t\t\t\t\t\t\r\n\t\t\t\t\t\t\t<li role=\"presentation\"  onclick=\"do_resize()\">\r\n\t\t\t\t\t\t\t\t<a href=\"#tabs_desc_7503_2\" aria-controls=\"tabs_desc_7503_2\" role=\"tab\" data-toggle=\"tab\">\r\n\t\t\t\t\t\t\t\t\t\r\n\t\t\t\t\t\t\t\t\t\t\t\t\t\t\t\t\t\t\t\t\t\t\t\t\t\t\t\t\t\t\t\t\t\t\t\t\t\t\t\t\t\t\t\t\t\t\t\t\t\r\n\t\t\t\t\t\t\t\t\t\t\t\t\t\t\t\t\t\t\r\n\t\t\t\t\t\t\t\t\t<span>[SK] V\u00fdber z v\u00fdskumu Marsu<\/span>\r\n\t\t\t\t\t\t\t\t\t\r\n\t\t\t\t\t\t\t\t\t\t\t\t\t\t\t\t\t\t\r\n\t\t\t\t\t\t\t\t\t\t\t\t\t\t\t\t\t\t\t\t\r\n\t\t\t\t\t\t\t\t\t\r\n\t\t\t\t\t\t\t\t<\/a>\r\n\t\t\t\t\t\t\t<\/li>\r\n\t\t\t\t\t\t\t\r\n\t\t\t\t\t\t\t<li role=\"presentation\"  onclick=\"do_resize()\">\r\n\t\t\t\t\t\t\t\t<a href=\"#tabs_desc_7503_3\" aria-controls=\"tabs_desc_7503_3\" role=\"tab\" data-toggle=\"tab\">\r\n\t\t\t\t\t\t\t\t\t\r\n\t\t\t\t\t\t\t\t\t\t\t\t\t\t\t\t\t\t\t\t\t\t\t\t\t\t\t\t\t\t\t\t\t\t\t\t\t\t\t\t\t\t\t\t\t\t\t\t\t\r\n\t\t\t\t\t\t\t\t\t\t\t\t\t\t\t\t\t\t\r\n\t\t\t\t\t\t\t\t\t<span>[CS] V\u00fdb\u011br z v\u00fdzkumu Marsu<\/span>\r\n\t\t\t\t\t\t\t\t\t\r\n\t\t\t\t\t\t\t\t\t\t\t\t\t\t\t\t\t\t\r\n\t\t\t\t\t\t\t\t\t\t\t\t\t\t\t\t\t\t\t\t\r\n\t\t\t\t\t\t\t\t\t\r\n\t\t\t\t\t\t\t\t<\/a>\r\n\t\t\t\t\t\t\t<\/li>\r\n\t\t\t\t\t\t\t\t\t\t\t <\/ul>\r\n\r\n\t\t\t\t\t  <!-- Tab panes -->\r\n\t\t\t\t\t  <div class=\"tab-content\" id=\"tab-content_7503\">\r\n\t\t\t\t\t\t\t\t\t\t\t\t <div role=\"tabpanel\" class=\"tab-pane  in active \" id=\"tabs_desc_7503_1\">\r\n\t\t\t\t\t\t\t\t<p>\r\nMonthly Journal of Mars Exploration and Planetary Science\r\n<\/p>\r\n<p>\r\nISSN 2788-225X<br>\r\nJournal: Published monthly<br>\r\nPublisher: Jozef Koz\u00e1r, PhD.<br>\r\nLocation: Brno \/ Czech Republic<br>\r\n<\/p>\r\n<p>\r\n<a href=\"https:\/\/www.jozefkozar.com\/lab\/rub\/planetary-science\/mars-exploration-digest\/\">Current issue and previous online issues and PDF versions here.<\/a>\r\n<\/p>\r\n<p>\r\nInformation for authors\/contributors:<br>\r\nIf you wish to submit your contribution, you can do so via email: mars(at)jozefkozar.com<br>\r\nPlease note that not all contributions may be selected for publishing in the respective issue of the journal.\r\n<\/p>\r\n\u00a0\t\t\t\t\t\t <\/div>\r\n\t\t\t\t\t\t\t\t\t\t\t\t <div role=\"tabpanel\" class=\"tab-pane \" id=\"tabs_desc_7503_2\">\r\n\t\t\t\t\t\t\t\t<p>\r\nMesa\u010dn\u00fd \u017eurn\u00e1l zameran\u00fd na v\u00fdskum Marsu a planet\u00e1rnu vedu\r\n<\/p>\r\n<p>\r\nISSN 2788-225X<br>\r\n\u017durn\u00e1l: Vych\u00e1dza mesa\u010dne<br>\r\nVydavate\u013e: Jozef Koz\u00e1r, PhD.<br>\r\nMiesto: Brno \/ \u010cesk\u00e1 republika<br>\r\n<\/p>\r\n<p>\r\n<a href=\"https:\/\/www.jozefkozar.com\/lab\/rub\/sk\/vyber-z-vyskumu-marsu\/\">Aktu\u00e1lne vydanie a predo\u0161l\u00e9 vydania online \/ PDF.<\/a>\r\n<\/p>\r\n<p>\r\nInform\u00e1cia pre autorov\/prispievate\u013eov:<br>\r\nV pr\u00edpade z\u00e1ujmu o publikovanie pr\u00edspevku, m\u00f4\u017ete tento posla\u0165 na emailov\u00fa adresu: mars(at)jozefkozar.com<br>\r\nInfo: Pr\u00edspevok nemus\u00ed by\u0165 zaraden\u00fd do vydania v dan\u00fd mesiac.\r\n<\/p>\r\n\u00a0\t\t\t\t\t\t <\/div>\r\n\t\t\t\t\t\t\t\t\t\t\t\t <div role=\"tabpanel\" class=\"tab-pane \" id=\"tabs_desc_7503_3\">\r\n\t\t\t\t\t\t\t\t<p>\r\nM\u011bs\u00ed\u010dn\u00ed \u017eurn\u00e1l zam\u011b\u0159en\u00fd na v\u00fdzkum Marsu a planet\u00e1rn\u00ed v\u011bdu\r\n<\/p>\r\n<p>\r\nISSN 2788-225X<br>\r\n\u017durn\u00e1l: Vych\u00e1z\u00ed m\u011bs\u00ed\u010dn\u011b<br>\r\nVydavatel: Jozef Koz\u00e1r, PhD.<br>\r\nM\u00edsto: Brno \/ \u010cesk\u00e1 republika<br>\r\nDatov\u00e1 schr\u00e1nka: d6d9svm\r\n<\/p>\r\n<p>\r\n<a href=\"https:\/\/www.jozefkozar.com\/lab\/rub\/sk\/vyber-z-vyskumu-marsu\/\">Aktu\u00e1ln\u00ed vyd\u00e1n\u00ed a p\u0159edchoz\u00ed vyd\u00e1n\u00ed online \/ PDF.<\/a>\r\n<\/p>\r\n<p>\r\nInformace pro autory\/p\u0159isp\u011bvatele:<br>\r\nV p\u0159\u00edpad\u011b z\u00e1jmu o publikov\u00e1n\u00ed p\u0159\u00edsp\u011bvku, m\u016f\u017eete tento poslat na emailovou adresu: mars(at)jozefkozar.com<br>\r\nInfo: P\u0159\u00edsp\u011bvek nemus\u00ed b\u00fdt za\u0159azen do vyd\u00e1n\u00ed v dan\u00fd m\u011bs\u00edc.\r\n<br>\r\nP\u0159\u00edspevky je mo\u017en\u00e9 poslat v anglick\u00e9m, slovensk\u00e9m, nebo \u010desk\u00e9m jazyce.\r\n<\/p>\t\t\t\t\t\t <\/div>\r\n\t\t\t\t\t\t\t\r\n\t\t\t\t\t <\/div>\r\n\t\t\t\t\t \r\n\t\t\t\t <\/div>\r\n <script>\r\n\t\tjQuery(function () {\r\n\t\t\tjQuery('#myTab_7503 a:first').tab('show')\r\n\t\t});\r\n\t\t\r\n\t\t\t\tjQuery(function(){\r\n\t\t\tvar b=\"fadeIn\";\r\n\t\t\tvar c;\r\n\t\t\tvar a;\r\n\t\t\td(jQuery(\"#myTab_7503 a\"),jQuery(\"#tab-content_7503\"));function d(e,f,g){\r\n\t\t\t\te.click(function(i){\r\n\t\t\t\t\ti.preventDefault();\r\n\t\t\t\t\tjQuery(this).tab(\"show\");\r\n\t\t\t\t\tvar h=jQuery(this).data(\"easein\");\r\n\t\t\t\t\tif(c){c.removeClass(a);}\r\n\t\t\t\t\tif(h){f.find(\"div.active\").addClass(\"animated \"+h);a=h;}\r\n\t\t\t\t\telse{if(g){f.find(\"div.active\").addClass(\"animated \"+g);a=g;}else{f.find(\"div.active\").addClass(\"animated \"+b);a=b;}}c=f.find(\"div.active\");\r\n\t\t\t\t});\r\n\t\t\t}\r\n\t\t});\r\n\t\t\r\n\r\n\t\tfunction do_resize(){\r\n\r\n\t\t\tvar width=jQuery( '.tab-content .tab-pane iframe' ).width();\r\n\t\t\tvar height=jQuery( '.tab-content .tab-pane iframe' ).height();\r\n\r\n\t\t\tvar toggleSize = true;\r\n\t\t\tjQuery('iframe').animate({\r\n\t\t\t    width: toggleSize ? width : 640,\r\n\t\t\t    height: toggleSize ? height : 360\r\n\t\t\t  }, 250);\r\n\r\n\t\t\t  toggleSize = !toggleSize;\r\n\t\t}\r\n\r\n\r\n\t<\/script>\r\n\t\t\t\t\r\n\t\t\t\n<p>&nbsp;<\/p>\n<div class=\"58e807d49872d9c461b607d065e9b564\" data-index=\"1\" style=\"float: none; margin:0px 0 0px 0; text-align:center;\">\n<br><br>\r\n<a href=\"https:\/\/www.buymeacoffee.com\/drkozar\" target=\"_blank\">\r\n<img decoding=\"async\" src=\"https:\/\/www.jozefkozar.com\/lab\/wp-content\/uploads\/2025\/09\/coffee.png\" width=\"100%\"><\/img><\/a><br><br>\r\n\r\n<br><br><a href=\"https:\/\/www.amazon.com\/dp\/B08Q6SQX8F\/\" target=\"_blank\"><img decoding=\"async\" src=\"https:\/\/www.jozefkozar.com\/lab\/wp-content\/uploads\/2024\/12\/Moon-Atlas_book_DrJozefKozar_www-jozefkozar-com.jpeg\" alt=\"Moon Atlas\" width=\"100%\" height=\"\" \/><\/a><br><br><br>\r\n<div id=\"citationic\" class=\"tabs\"><input type=\"radio\" name=\"tab-btn\" id=\"tab-btn-1\" checked><label for=\"tab-btn-1\">APA<\/label><input type=\"radio\" name=\"tab-btn\" id=\"tab-btn-2\"><label for=\"tab-btn-2\">MLA<\/label><input type=\"radio\" name=\"tab-btn\" id=\"tab-btn-3\"><label for=\"tab-btn-3\">Harvard<\/label><input type=\"radio\" name=\"tab-btn\" id=\"tab-btn-4\"><label for=\"tab-btn-4\">Vancouver<\/label><input type=\"radio\" name=\"tab-btn\" id=\"tab-btn-5\"><label for=\"tab-btn-5\">Chicago<\/label><input type=\"radio\" name=\"tab-btn\" id=\"tab-btn-6\"><label for=\"tab-btn-6\">IEEE<\/label><div id=\"content-1\">Dr. Jozef Koz\u00e1r (April 18, 2026) <b>Digest<\/b>. Retrieved from <a href=\"https:\/\/www.jozefkozar.com\/lab\/?p=7503\">https:\/\/www.jozefkozar.com\/lab\/?p=7503<\/a>.<\/div><div id=\"content-2\">\"<b>Digest.<\/b>\" Dr. Jozef Koz\u00e1r - April 18, 2026, <a href=\"https:\/\/www.jozefkozar.com\/lab\/?p=7503\">https:\/\/www.jozefkozar.com\/lab\/?p=7503<\/a><\/div><div id=\"content-3\">Dr. Jozef Koz\u00e1r December 25, 2022 <b>Digest.<\/b>, viewed April 18, 2026,<<a href=\"https:\/\/www.jozefkozar.com\/lab\/?p=7503\">https:\/\/www.jozefkozar.com\/lab\/?p=7503<\/a>><\/div><div id=\"content-4\">Dr. Jozef Koz\u00e1r - <b>Digest.<\/b> [Internet]. [Accessed April 18, 2026]. Available from: <a href=\"https:\/\/www.jozefkozar.com\/lab\/?p=7503\">https:\/\/www.jozefkozar.com\/lab\/?p=7503<\/a><\/div><div id=\"content-5\">\"<b>Digest.<\/b>\" Dr. Jozef Koz\u00e1r - Accessed April 18, 2026. <a href=\"https:\/\/www.jozefkozar.com\/lab\/?p=7503\">https:\/\/www.jozefkozar.com\/lab\/?p=7503<\/a><\/div><div id=\"content-6\">\"<b>Digest.<\/b>\" Dr. Jozef Koz\u00e1r [Online]. Available: <a href=\"https:\/\/www.jozefkozar.com\/lab\/?p=7503\">https:\/\/www.jozefkozar.com\/lab\/?p=7503<\/a>. [Accessed: April 18, 2026]<\/div><\/div>\n<\/div>\n\n<div style=\"font-size: 0px; height: 0px; line-height: 0px; margin: 0; padding: 0; clear: both;\"><\/div>","protected":false},"excerpt":{"rendered":"<p>&nbsp;<\/p>\n","protected":false},"author":1,"featured_media":0,"parent":0,"menu_order":0,"comment_status":"closed","ping_status":"closed","template":"","meta":{"jetpack_post_was_ever_published":false,"footnotes":"","_links_to":"","_links_to_target":""},"class_list":["post-7500","page","type-page","status-publish","hentry"],"jetpack_sharing_enabled":true,"jetpack_shortlink":"https:\/\/wp.me\/Pem7VN-1WY","post_mailing_queue_ids":[],"_links":{"self":[{"href":"https:\/\/www.jozefkozar.com\/lab\/wp-json\/wp\/v2\/pages\/7500","targetHints":{"allow":["GET"]}}],"collection":[{"href":"https:\/\/www.jozefkozar.com\/lab\/wp-json\/wp\/v2\/pages"}],"about":[{"href":"https:\/\/www.jozefkozar.com\/lab\/wp-json\/wp\/v2\/types\/page"}],"author":[{"embeddable":true,"href":"https:\/\/www.jozefkozar.com\/lab\/wp-json\/wp\/v2\/users\/1"}],"replies":[{"embeddable":true,"href":"https:\/\/www.jozefkozar.com\/lab\/wp-json\/wp\/v2\/comments?post=7500"}],"version-history":[{"count":5,"href":"https:\/\/www.jozefkozar.com\/lab\/wp-json\/wp\/v2\/pages\/7500\/revisions"}],"predecessor-version":[{"id":7508,"href":"https:\/\/www.jozefkozar.com\/lab\/wp-json\/wp\/v2\/pages\/7500\/revisions\/7508"}],"wp:attachment":[{"href":"https:\/\/www.jozefkozar.com\/lab\/wp-json\/wp\/v2\/media?parent=7500"}],"curies":[{"name":"wp","href":"https:\/\/api.w.org\/{rel}","templated":true}]}}